{"id":100,"date":"2023-04-18T14:36:36","date_gmt":"2023-04-18T12:36:36","guid":{"rendered":"https:\/\/www.pol-constanta.ro\/?page_id=100"},"modified":"2023-04-20T10:22:34","modified_gmt":"2023-04-20T08:22:34","slug":"echipa","status":"publish","type":"page","link":"https:\/\/www.pol-constanta.ro\/index.php\/echipa\/","title":{"rendered":"Echipa"},"content":{"rendered":"<p><strong>Sorin\u00a0CHIRI\u0162\u0102<\/strong> \u2013 Coordonator Pol de Cre\u015ftere<\/p>\n<p><strong>Secretariat Birou Pol de Cre\u015ftere Constan\u0163a<\/strong>\u00a0\u2013\u00a0<a href=\"mailto:office@pol-constanta.ro\">office@pol-constanta.ro<\/a><\/p>\n<p>Adresa \u2013 Strada R\u0103scoala 1907 nr. 38, Apartament 1, Cod Po\u015ftal\u00a0900727<\/p>\n<p>Telefon: 0341\u00a0\u2013 415.765, Fax: 0341 \u2013 415.764<\/p>\n","protected":false},"excerpt":{"rendered":"<p>Sorin\u00a0CHIRI\u0162\u0102 \u2013 Coordonator Pol de Cre\u015ftere Secretariat Birou Pol de Cre\u015ftere Constan\u0163a\u00a0\u2013\u00a0office@pol-constanta.ro Adresa \u2013 Strada R\u0103scoala 1907 nr. 38, Apartament 1, Cod Po\u015ftal\u00a0900727 Telefon: 0341\u00a0\u2013 415.765, Fax: 0341 \u2013 415.764<\/p>\n","protected":false},"author":1,"featured_media":0,"parent":0,"menu_order":0,"comment_status":"closed","ping_status":"closed","template":"","meta":{"footnotes":""},"class_list":["post-100","page","type-page","status-publish","hentry"],"_links":{"self":[{"href":"https:\/\/www.pol-constanta.ro\/index.php\/wp-json\/wp\/v2\/pages\/100","targetHints":{"allow":["GET"]}}],"collection":[{"href":"https:\/\/www.pol-constanta.ro\/index.php\/wp-json\/wp\/v2\/pages"}],"about":[{"href":"https:\/\/www.pol-constanta.ro\/index.php\/wp-json\/wp\/v2\/types\/page"}],"author":[{"embeddable":true,"href":"https:\/\/www.pol-constanta.ro\/index.php\/wp-json\/wp\/v2\/users\/1"}],"replies":[{"embeddable":true,"href":"https:\/\/www.pol-constanta.ro\/index.php\/wp-json\/wp\/v2\/comments?post=100"}],"version-history":[{"count":2,"href":"https:\/\/www.pol-constanta.ro\/index.php\/wp-json\/wp\/v2\/pages\/100\/revisions"}],"predecessor-version":[{"id":160,"href":"https:\/\/www.pol-constanta.ro\/index.php\/wp-json\/wp\/v2\/pages\/100\/revisions\/160"}],"wp:attachment":[{"href":"https:\/\/www.pol-constanta.ro\/index.php\/wp-json\/wp\/v2\/media?parent=100"}],"curies":[{"name":"wp","href":"https:\/\/api.w.org\/{rel}","templated":true}]}}