{"id":115,"date":"2023-04-18T14:57:04","date_gmt":"2023-04-18T12:57:04","guid":{"rendered":"https:\/\/www.pol-constanta.ro\/?page_id=115"},"modified":"2023-04-18T15:08:37","modified_gmt":"2023-04-18T13:08:37","slug":"birouri-poli-de-crestere","status":"publish","type":"page","link":"https:\/\/www.pol-constanta.ro\/index.php\/birouri-poli-de-crestere\/","title":{"rendered":"Birouri Poli de Cre\u0219tere"},"content":{"rendered":"<p>Prin\u00a0<em>HG 998\/2008 \u201cHot\u0103r\u00e2re pentru desemnarea polilor de cre\u015ftere \u015fi a polilor de dezvoltare urban\u0103 \u00een care se realizeaz\u0103 cu prioritate investi\u0163ii din programele cu finan\u0163are comunitar\u0103 \u015fi na\u0163ional\u0103\u201c\u00a0<\/em>au fost desemna\u0163i 7\u00a0<strong>poli de cre\u015ftere<\/strong>:<\/p>\n<ul>\n<li><strong>Ia\u015fi\u00a0<\/strong>\u2013 pentru Regiunea\u00a0 Nord-Est<\/li>\n<li><strong>Constan\u0163a\u00a0<\/strong>\u2013 pentru Regiunea Sud-Est<\/li>\n<li><strong>Ploie\u015fti\u00a0<\/strong>\u2013<strong>\u00a0<\/strong>pentru Regiunea Sud<\/li>\n<li><strong>Craiova\u00a0<\/strong>\u2013<strong>\u00a0<\/strong>pentru Regiunea Sud-Vest<\/li>\n<li><strong>Timi\u015foara\u00a0<\/strong>\u2013<strong>\u00a0<\/strong>pentru Regiunea Vest<\/li>\n<li><strong>Cluj-Napoca\u00a0<\/strong>\u2013 pentru Regiunea Nord-Vest<\/li>\n<li><strong>Bra\u015fov\u00a0<\/strong>\u2013<strong>\u00a0<\/strong>pentru Regiunea Centru<\/li>\n<\/ul>\n<p><strong>\u00a0<\/strong>Biroul Coordonare Pol de Cre\u015ftere care are ca principale atribu\u0163ii:<\/p>\n<ul>\n<li>stabilirea unei rela\u0163ii de colaborare \u015fi consultare permanent\u0103 cu liderul Polului de Cre\u015ftere (pre\u015fedintele Asocia\u0163iei de Dezvoltare Intercomunitar\u0103 constituit\u0103 la nivelul Polului de Cre\u015ftere Constan\u0163a) precum \u015fi cu celelalte autorit\u0103\u0163i locale din cadrul polului;<\/li>\n<li>facilitarea leg\u0103turii dintre autorit\u0103\u0163ile centrale \u015fi cele locale implicate \u00een elaborarea \u015fi implementarea Planului Integrat de Dezvoltare (PID);<\/li>\n<li>acordarea de sprijin si coordonare \u00een elaborarea \u015fi implementarea PID;<\/li>\n<li>sprijinirea implement\u0103rii proiectelor incluse \u00een lista de proiecte din PID;<\/li>\n<li>participarea la monitorizarea respect\u0103rii graficului de implementare a proiectelor \u015fi \u00eendeplinirii indicatorilor ce s-au stabilit \u00een PID;<\/li>\n<li>contribuie la campania de promovare \u015fi informare referitoare la polul de cre\u015ftere, asigur\u00e2nd transparen\u0163a \u015fi vizibilitatea activit\u0103\u0163ilor finan\u0163ate \u00een cadrul polului;<\/li>\n<li>elaborarea de rapoarte periodice\u00a0sau ad hoc privind stadiul implement\u0103rii proiectelor incluse \u00een PID \u015fi transmiterea lor la Ministerul Finan\u0163elor publice (MFP), Ministerul Dezvolt\u0103rii Regionale \u015fi Turismului (MDRT) \u015fi directorului general al Agen\u0163iei pentru Dezvoltare Regional\u0103 (ADR).<\/li>\n<\/ul>\n<p><strong>Constan\u0163a \u2013 pol de cre\u015ftere pentru turism \u015fi activit\u0103\u0163i portuare<\/strong><\/p>\n<p>Zona Metropolitan\u0103 Constan\u0163a este un centru multifunc\u0163ional competitiv al Rom\u00e2niei \u015fi principalul polarizator economic \u00een regiunea M\u0103rii Negre. Prin dezvoltarea durabil\u0103 a \u00eentregii zone \u015fi reducerea discrepan\u015felor actuale de dezvoltare dintre cele 14 localit\u0103\u0163i care compun Polul de Cre\u015ftere, Constan\u0163a va fi o metropol\u0103 european\u0103, o zon\u0103 turistic\u0103 \u00een expansiune, cu o economie \u00een cre\u015ftere rapid\u0103 \u015fi un standard de via\u0163\u0103 ridicat pentru to\u0163i locuitorii s\u0103i.<br \/>\nProfilul economic tradi\u0163ional al Polului de Cre\u015ftere Constan\u0163a se axeaz\u0103 deopotriv\u0103 pe activit\u0103\u0163ile economice specifice portului \u015fi sectorului ter\u0163iar, precum \u015fi pe turism. Pozi\u0163ia sa geo\u2013strategic\u0103 confer\u0103\u00a0Polului de Cre\u015ftere Constan\u0163a oportunit\u0103\u0163i economice importante \u00een ceea ce prive\u015fte exploatarea resurselor de hidrocarburi din bazinul M\u0103rii Negre, precum \u015fi a poten\u0163ialului energetic eolian de care dispune zona.<\/p>\n","protected":false},"excerpt":{"rendered":"<p>Prin\u00a0HG 998\/2008 \u201cHot\u0103r\u00e2re pentru desemnarea polilor de cre\u015ftere \u015fi a polilor de dezvoltare urban\u0103 \u00een care se realizeaz\u0103 cu prioritate investi\u0163ii din programele cu finan\u0163are comunitar\u0103 \u015fi na\u0163ional\u0103\u201c\u00a0au fost desemna\u0163i 7\u00a0poli de cre\u015ftere: Ia\u015fi\u00a0\u2013 pentru Regiunea\u00a0 Nord-Est Constan\u0163a\u00a0\u2013 pentru Regiunea<\/p>\n","protected":false},"author":1,"featured_media":0,"parent":0,"menu_order":0,"comment_status":"closed","ping_status":"closed","template":"","meta":{"footnotes":""},"class_list":["post-115","page","type-page","status-publish","hentry"],"_links":{"self":[{"href":"https:\/\/www.pol-constanta.ro\/index.php\/wp-json\/wp\/v2\/pages\/115","targetHints":{"allow":["GET"]}}],"collection":[{"href":"https:\/\/www.pol-constanta.ro\/index.php\/wp-json\/wp\/v2\/pages"}],"about":[{"href":"https:\/\/www.pol-constanta.ro\/index.php\/wp-json\/wp\/v2\/types\/page"}],"author":[{"embeddable":true,"href":"https:\/\/www.pol-constanta.ro\/index.php\/wp-json\/wp\/v2\/users\/1"}],"replies":[{"embeddable":true,"href":"https:\/\/www.pol-constanta.ro\/index.php\/wp-json\/wp\/v2\/comments?post=115"}],"version-history":[{"count":1,"href":"https:\/\/www.pol-constanta.ro\/index.php\/wp-json\/wp\/v2\/pages\/115\/revisions"}],"predecessor-version":[{"id":116,"href":"https:\/\/www.pol-constanta.ro\/index.php\/wp-json\/wp\/v2\/pages\/115\/revisions\/116"}],"wp:attachment":[{"href":"https:\/\/www.pol-constanta.ro\/index.php\/wp-json\/wp\/v2\/media?parent=115"}],"curies":[{"name":"wp","href":"https:\/\/api.w.org\/{rel}","templated":true}]}}