{"id":132,"date":"2023-04-19T12:54:27","date_gmt":"2023-04-19T10:54:27","guid":{"rendered":"https:\/\/www.pol-constanta.ro\/?page_id=132"},"modified":"2023-04-19T14:03:20","modified_gmt":"2023-04-19T12:03:20","slug":"decizia-cmc-lista-proiectelor-prioritare-pentru-polul-de-crestere-constanta","status":"publish","type":"page","link":"https:\/\/www.pol-constanta.ro\/index.php\/decizia-cmc-lista-proiectelor-prioritare-pentru-polul-de-crestere-constanta\/","title":{"rendered":"Decizia CMC \u2013 Lista proiectelor prioritare pentru Polul de Cre\u0219tere Constan\u021ba"},"content":{"rendered":"<div class=\"entry-content\">\n<p style=\"text-align: justify;\"><strong>Comitetul de Management pentru Coordonarea instrumentelor structurale (CMC)<\/strong>,\u00a0av\u00e2nd \u00een vedere urm\u0103toarele considerente:<\/p>\n<ul style=\"text-align: justify;\">\n<li>prevederile art. 40 din HG nr.457\/2008 privind cadrul institu\u0163ional de coordonare \u015fi de gestionare a instrumentelor structurale, \u00een care sunt prev\u0103zute atribu\u0163iile Comitetului de Management pentru Coordonarea instrumentelor structurale,<\/li>\n<li>decizia CMC nr. 4\/23.12.2009 prin care s-a avizat Planul Integrat de Dezvoltare (PID) pentru Polul de Cre\u015ftere Constan\u0163a, inclusiv lista de proiecte prioritare prev\u0103zut\u0103 \u00een PID, revizuit\u0103 prin decizia CMC nr. 10\/21.05.2010,<\/li>\n<li>\u00een baza consensului stabilit \u00eentre membrii CMC \u00een cadrul reuniunii din data de 29 martie 2011,<\/li>\n<li>\u00een conformitate cu propriul Regulament de Organizare \u015fi Func\u0163ionare, CMC<\/li>\n<\/ul>\n<p style=\"text-align: justify;\">adopt\u0103 urm\u0103toarea <strong>DECIZIE \u2013 Reavizarea listei de proiecte prioritare inclus\u0103 \u00een PID pentru polul de cre\u015ftere Constan\u0163a, cu modific\u0103rile \u015fi complet\u0103rile agreate \u00een cursul reuniunii.<\/strong><\/p>\n<p><strong><a href=\"https:\/\/www.pol-constanta.ro\/app\/wp-content\/uploads\/PID\/Decizia_CMC.pdf\" target=\"_blank\" rel=\"noopener\">Document \u2013 DECIZIA Comitetului de Management pentru Coordonarea Instrumentelor Structurale \u2013 31.03.2011<\/a><\/strong><\/p>\n<p><a href=\"https:\/\/www.pol-constanta.ro\/app\/wp-content\/uploads\/PID\/Anexa_Decizia_CMC_2011.pdf\" target=\"_blank\" rel=\"noopener\"><strong>Anexa la Decizia CMC nr. 16 \/ 31.03.2011<\/strong><\/a><\/p>\n<\/div>\n","protected":false},"excerpt":{"rendered":"<p>Comitetul de Management pentru Coordonarea instrumentelor structurale (CMC),\u00a0av\u00e2nd \u00een vedere urm\u0103toarele considerente: prevederile art. 40 din HG nr.457\/2008 privind cadrul institu\u0163ional de coordonare \u015fi de gestionare a instrumentelor structurale, \u00een care sunt prev\u0103zute atribu\u0163iile Comitetului de Management pentru Coordonarea instrumentelor<\/p>\n","protected":false},"author":1,"featured_media":0,"parent":0,"menu_order":0,"comment_status":"closed","ping_status":"closed","template":"","meta":{"footnotes":""},"class_list":["post-132","page","type-page","status-publish","hentry"],"_links":{"self":[{"href":"https:\/\/www.pol-constanta.ro\/index.php\/wp-json\/wp\/v2\/pages\/132","targetHints":{"allow":["GET"]}}],"collection":[{"href":"https:\/\/www.pol-constanta.ro\/index.php\/wp-json\/wp\/v2\/pages"}],"about":[{"href":"https:\/\/www.pol-constanta.ro\/index.php\/wp-json\/wp\/v2\/types\/page"}],"author":[{"embeddable":true,"href":"https:\/\/www.pol-constanta.ro\/index.php\/wp-json\/wp\/v2\/users\/1"}],"replies":[{"embeddable":true,"href":"https:\/\/www.pol-constanta.ro\/index.php\/wp-json\/wp\/v2\/comments?post=132"}],"version-history":[{"count":1,"href":"https:\/\/www.pol-constanta.ro\/index.php\/wp-json\/wp\/v2\/pages\/132\/revisions"}],"predecessor-version":[{"id":133,"href":"https:\/\/www.pol-constanta.ro\/index.php\/wp-json\/wp\/v2\/pages\/132\/revisions\/133"}],"wp:attachment":[{"href":"https:\/\/www.pol-constanta.ro\/index.php\/wp-json\/wp\/v2\/media?parent=132"}],"curies":[{"name":"wp","href":"https:\/\/api.w.org\/{rel}","templated":true}]}}