{"id":146,"date":"2023-04-19T14:15:07","date_gmt":"2023-04-19T12:15:07","guid":{"rendered":"https:\/\/www.pol-constanta.ro\/?page_id=146"},"modified":"2023-04-19T14:29:57","modified_gmt":"2023-04-19T12:29:57","slug":"proiecte-in-implementare","status":"publish","type":"page","link":"https:\/\/www.pol-constanta.ro\/index.php\/proiecte-in-implementare\/","title":{"rendered":"Proiecte \u00een implementare"},"content":{"rendered":"<p style=\"text-align: center;\"><strong>SITUA\u021aIA PRIVIND PROIECTELE AFLATE \u00ceN IMPLEMENTARE<br \/>\n<\/strong><\/p>\n<table>\n<tbody>\n<tr>\n<td><strong>Nr. crt.<\/strong><\/td>\n<td style=\"text-align: center;\" colspan=\"2\"><strong>Titlu proiect integrat<\/strong><\/td>\n<td style=\"text-align: center;\"><strong>Beneficiari<\/strong><\/td>\n<td style=\"text-align: center;\"><strong>Sursa de finan\u021bare (Program opera\u021bional\/Nume opera\u021biune\/DMI din care se finan\u021beaz\u0103 sau altele)<\/strong><\/td>\n<td style=\"text-align: center;\"><strong>Total valoare proiect (LEI)<\/strong><\/td>\n<td style=\"text-align: center;\"><strong>Dat\u0103 real\u0103\/estimat\u0103 a finaliz\u0103rii implement\u0103rii<\/strong><\/td>\n<\/tr>\n<tr>\n<td colspan=\"7\"><strong>Obiectiv strategic 1 \u2013 CONSTAN\u021aA INVESTITORILOR<\/strong><\/td>\n<\/tr>\n<tr>\n<td>1<\/td>\n<td colspan=\"2\"><a href=\"https:\/\/www.pol-constanta.ro\/proiecte_pid\/i01.pdf\" target=\"_blank\" rel=\"noopener\">Centrul de excelen\u0163\u0103 \u00een turism \u015fi servicii \u201eTomis\u201d<\/a><\/td>\n<td>UAT Jude\u021bul Constan\u021ba<\/td>\n<td>POR \u2013 Axa 1, DMI 1.1, Sub-domeniul: Poli de cre\u0219tere<\/td>\n<td>\n<p style=\"text-align: right;\"><strong>5.953.001,00<\/strong><\/p>\n<\/td>\n<td>\n<p style=\"text-align: center;\">31.12.2015<\/p>\n<\/td>\n<\/tr>\n<tr>\n<td>2<\/td>\n<td colspan=\"2\"><a href=\"https:\/\/www.pol-constanta.ro\/proiecte_pid\/i02.pdf\" target=\"_blank\" rel=\"noopener\">Centrul productiv me\u015fte\u015fug\u0103resc pentru sus\u0163inerea activit\u0103\u0163ilor turistice \u015fi de agrement\u201eOvidiu\u201d<\/a><\/td>\n<td>UAT Jude\u0163ul Constan\u0163a<\/td>\n<td>POR \u2013 Axa 1, DMI 1.1, Sub-domeniul: Poli de cre\u0219tere<\/td>\n<td>\n<p style=\"text-align: right;\"><strong>7.571.052,64<\/strong><\/p>\n<\/td>\n<td>\n<p style=\"text-align: center;\">31.12.2015<\/p>\n<\/td>\n<\/tr>\n<tr>\n<td>3<\/td>\n<td colspan=\"2\"><a href=\"https:\/\/www.pol-constanta.ro\/proiecte_pid\/i03.pdf\" target=\"_blank\" rel=\"noopener\">Dezvoltarea capacit\u0103\u021bii feroviare \u00een sectorul fluvio-maritim al portului Constan\u021ba<\/a><\/td>\n<td>APMC \u2013 Administra\u0163ia Porturilor Maritime Constan\u0163a<\/td>\n<td>POS Transport, Axa prioritar\u0103 2, DMI 2.3, Opera\u021biunea \u2013 Modernizarea \u0219i dezvoltarea porturilor dun\u0103rene<\/td>\n<td>\n<p style=\"text-align: right;\"><strong>94.779.144,00<\/strong><\/p>\n<\/td>\n<td>\n<p style=\"text-align: center;\">15.05.2016<\/p>\n<\/td>\n<\/tr>\n<tr>\n<td>4<\/td>\n<td colspan=\"2\"><a href=\"https:\/\/www.pol-constanta.ro\/proiecte_pid\/i04.pdf\" target=\"_blank\" rel=\"noopener\">Pod rutier la km 0 \u2013 540 al canalului Dun\u0103re \u2013 Marea Neagr\u0103 \u015fi lucr\u0103ri aferente infrastructurii rutiere \u015fi de acces \u00een Portul Constan\u0163a<\/a><\/td>\n<td>APMC \u2013 Administra\u0163ia Porturilor Maritime Constan\u0163a<\/td>\n<td>POS Transport, Axa 2, DMI 2.3<\/td>\n<td>\n<p style=\"text-align: right;\"><strong>191.797.112,00<\/strong><\/p>\n<\/td>\n<td>\n<p style=\"text-align: center;\">10.08.2017<\/p>\n<\/td>\n<\/tr>\n<tr>\n<td>5<\/td>\n<td colspan=\"2\"><a href=\"https:\/\/www.pol-constanta.ro\/proiecte_pid\/i05.pdf\" target=\"_blank\" rel=\"noopener\">Front de a\u015fteptare pentru formare \/ desfacere convoaie la confluen\u0163a canalelor Dun\u0103re \u2013 Marea Neagr\u0103 \u015fi Poarta Alb\u0103 \u2013 Midia N\u0103vodari<\/a><\/td>\n<td>Administra\u0163ia Canalelor Navigabile<\/td>\n<td>POS Transport, Axa prioritar\u0103 3, DMI 3.2<\/td>\n<td>\n<p style=\"text-align: right;\"><strong>13.758.038,00<\/strong><\/p>\n<\/td>\n<td>\n<p style=\"text-align: center;\">31.12.2015<\/p>\n<\/td>\n<\/tr>\n<tr>\n<td>6<\/td>\n<td colspan=\"2\"><a href=\"https:\/\/www.pol-constanta.ro\/proiecte_pid\/i06.pdf\" target=\"_blank\" rel=\"noopener\">Sistem goniometric \u00een band\u0103 VHF rdf Direction Finder pentru localizarea navelor aflate \u00een pericol \u00een zona maritim\u0103 de responsabilitate a Rom\u00e2niei<\/a><\/td>\n<td>RADIONAV SA<\/td>\n<td>POS Transport<\/td>\n<td>\n<p style=\"text-align: right;\"><strong>21.409.209,00<\/strong><\/p>\n<\/td>\n<td><\/td>\n<\/tr>\n<tr>\n<td>7<\/td>\n<td colspan=\"2\"><a href=\"https:\/\/www.pol-constanta.ro\/proiecte_pid\/i07.pdf\" target=\"_blank\" rel=\"noopener\">Aeroportul Mihail Kog\u0103lniceanu-Reabilitare platforme de sta\u021bionare aeronave \u00een incinta aeroporului, comuna Mihail Kog\u0103lniceanu<\/a><\/td>\n<td>Ministerul Transporturilor \u015fi Infrastructurii<\/td>\n<td>POS Transport, Axa prioritar\u0103 2, DMI 2.4<\/td>\n<td>\n<p style=\"text-align: right;\"><strong>170.392.145,00<\/strong><\/p>\n<\/td>\n<td>\n<p style=\"text-align: center;\">31.12.2015<\/p>\n<\/td>\n<\/tr>\n<tr>\n<td colspan=\"7\"><strong>Obiectiv strategic 2 \u2013 CONSTAN\u021aA TURI\u0218TILOR<\/strong><\/td>\n<\/tr>\n<tr>\n<td>8<\/td>\n<td>Centrul istoric \u2013 cre\u0219terea atractivit\u0103\u021bii turistice, restaurare \u0219i regenerare<\/td>\n<td><a href=\"https:\/\/www.pol-constanta.ro\/proiecte_pid\/i08.pdf\" target=\"_blank\" rel=\"noopener\">Reabilitarea \u015fi reamenajarea Parcului Arheologic<\/a><\/td>\n<td>UAT \u00a0 Constan\u0163a<\/td>\n<td>POR AXA 1, DMI 1.1, Sub-domeniul: Poli de cre\u0219tere<\/td>\n<td>\n<p style=\"text-align: right;\"><strong>15.576.652,47<\/strong><\/p>\n<\/td>\n<td>\n<p style=\"text-align: center;\">31.12.2015<\/p>\n<\/td>\n<\/tr>\n<tr>\n<td>9<\/td>\n<td>Mamaia \u2013 produs turistic interna\u0163ional<\/td>\n<td><a href=\"https:\/\/www.pol-constanta.ro\/proiecte_pid\/i09.pdf\" target=\"_blank\" rel=\"noopener\">Construire parcare multietajat\u0103 P+7+T \u00een sta\u0163iunea Mamaia zona Cazino Albatros<\/a><\/td>\n<td>UAT Constan\u0163a<\/td>\n<td>POR AXA 1, DMI 1.1, Sub-domeniul: Poli de cre\u0219tere<\/td>\n<td>\n<p style=\"text-align: right;\"><strong>23.520.424,92<\/strong><\/p>\n<\/td>\n<td>\n<p style=\"text-align: center;\">31.12.2015<\/p>\n<\/td>\n<\/tr>\n<tr>\n<td>10<\/td>\n<td colspan=\"2\"><a href=\"https:\/\/www.pol-constanta.ro\/proiecte_pid\/i10.pdf\" target=\"_blank\" rel=\"noopener\">Promenada turistic\u0103 Eforie Nord<\/a><\/td>\n<td>UAT Eforie<\/td>\n<td>POR AXA 1, DMI 1.1, Sub-domeniul: Poli de cre\u0219tere<\/td>\n<td>\n<p style=\"text-align: right;\"><strong>9.895.834,17<\/strong><\/p>\n<\/td>\n<td>\n<p style=\"text-align: center;\">03.12.2015<\/p>\n<\/td>\n<\/tr>\n<tr>\n<td>11<\/td>\n<td colspan=\"2\"><a href=\"https:\/\/www.pol-constanta.ro\/proiecte_pid\/i11.pdf\" target=\"_blank\" rel=\"noopener\">Cre\u015fterea atractivit\u0103\u0163ii turistice a Complexului Muzeal de \u015etiin\u0163e ale Naturii Constan\u0163a<\/a><\/td>\n<td>UAT Jude\u0163ul Constan\u0163a<\/td>\n<td>POR AXA 1, DMI 1.1, Sub-domeniul: Poli de cre\u0219tere<\/td>\n<td>\n<p style=\"text-align: right;\"><strong>12.791.943,56<\/strong><\/p>\n<\/td>\n<td>\n<p style=\"text-align: center;\">31.12.2015<\/p>\n<\/td>\n<\/tr>\n<tr>\n<td colspan=\"7\"><strong>Obiectiv strategic 3 \u2013 CONSTAN\u021aA LOCUITORILOR<\/strong><\/td>\n<\/tr>\n<tr>\n<td>12<\/td>\n<td colspan=\"2\"><a href=\"https:\/\/www.pol-constanta.ro\/proiecte_pid\/i12.pdf\" target=\"_blank\" rel=\"noopener\">\u00cembun\u0103t\u0103\u0163irea accesului \u00eentre municipiul Constan\u0163a \u015fi platforma industrial\u0103 N\u0103vodari prin l\u0103rgirea \u015fi modernizarea bulevardului Mamaia \u2013 N\u0103vodari<\/a><\/td>\n<td>Parteneriat UAT N\u0103vodari -UAT Constan\u021ba<\/td>\n<td>POR \u2013 Axa 1, DMI 1.1, Sub-domeniul: Poli de cre\u0219tere<\/td>\n<td>\n<p style=\"text-align: right;\"><strong>57.943.411,05<\/strong><\/p>\n<\/td>\n<td>\n<p style=\"text-align: center;\">31.12.2015<\/p>\n<\/td>\n<\/tr>\n<tr>\n<td>13<\/td>\n<td colspan=\"2\"><a href=\"https:\/\/www.pol-constanta.ro\/proiecte_pid\/i13.pdf\" target=\"_blank\" rel=\"noopener\">Modernizarea unor str\u0103zi \u00een ora\u015ful Techirghiol<\/a><\/td>\n<td>UAT Techirghiol<\/td>\n<td>POR AXA 1, DMI 1.1, Sub-domeniul: Poli de cre\u0219tere<\/td>\n<td>\n<p style=\"text-align: right;\"><strong>4.958.535,82<\/strong><\/p>\n<\/td>\n<td>\n<p style=\"text-align: center;\">13.09.2014<\/p>\n<\/td>\n<\/tr>\n<tr>\n<td>14<\/td>\n<td colspan=\"2\"><a href=\"https:\/\/www.pol-constanta.ro\/proiecte_pid\/i14.pdf\" target=\"_blank\" rel=\"noopener\">\u00cembun\u0103t\u0103\u021birea accesului intre E60 si platforma industrial\u0103 N\u0103vodari prin modernizarea c\u0103ii rutiere<\/a><\/td>\n<td>Parteneriat UAT N\u0103vodari \u2013 UAT Jude\u021bul Constan\u021ba \u2013 UAT Ovidiu<\/td>\n<td>POR AXA 1, DMI 1.1, Sub-domeniul:Poli de cre\u0219tere<\/td>\n<td>\n<p style=\"text-align: right;\"><strong>50.075.446,96<\/strong><\/p>\n<\/td>\n<td>\n<p style=\"text-align: center;\">31.12.2015<\/p>\n<\/td>\n<\/tr>\n<tr>\n<td>15<\/td>\n<td colspan=\"2\"><a href=\"https:\/\/www.pol-constanta.ro\/proiecte_pid\/i15.pdf\" target=\"_blank\" rel=\"noopener\">Modernizarea drumului jude\u0163ean DJ 228A Ovidiu-Poarta Alb\u0103<\/a><\/td>\n<td>UAT Ovidiu \u0219i\/sau UAT Jude\u021bul Constan\u021ba<\/td>\n<td>POR AXA 1, DMI 1.1, Sub-domeniul:Poli de cre\u0219tere<\/td>\n<td>\n<p style=\"text-align: right;\"><strong>29.942.320,80<\/strong><\/p>\n<\/td>\n<td>\n<p style=\"text-align: center;\">31.12.2015<\/p>\n<\/td>\n<\/tr>\n<tr>\n<td>16<\/td>\n<td colspan=\"2\"><a href=\"https:\/\/www.pol-constanta.ro\/proiecte_pid\/i16.pdf\" target=\"_blank\" rel=\"noopener\">Reabilitarea \u015fi modernizarea iluminatului public \u00een unele localit\u0103\u0163i ale Zonei Metropolitane Constan\u0163a<\/a><\/td>\n<td>UAT Constan\u021ba<\/td>\n<td>POR AXA 1, DMI 1.1, Sub-domeniul: Poli de cre\u0219tere<\/td>\n<td>\n<p style=\"text-align: right;\"><strong>32.296.166,58<\/strong><\/p>\n<\/td>\n<td>\n<p style=\"text-align: center;\">31.12.2015<\/p>\n<\/td>\n<\/tr>\n<tr>\n<td>17<\/td>\n<td colspan=\"2\"><a href=\"https:\/\/www.pol-constanta.ro\/proiecte_pid\/i17.pdf\" target=\"_blank\" rel=\"noopener\">Parcul Seniorilor<\/a><\/td>\n<td>UAT \u00a0 Constan\u0163a<\/td>\n<td>POR AXA 1, DMI 1.1, Sub-domeniul: Poli de cre\u0219tere<\/td>\n<td>\n<p style=\"text-align: right;\"><strong>6.292.537,60<\/strong><\/p>\n<\/td>\n<td>\n<p style=\"text-align: center;\">31.12.2015<\/p>\n<\/td>\n<\/tr>\n<tr>\n<td>18<\/td>\n<td colspan=\"2\"><a href=\"https:\/\/www.pol-constanta.ro\/proiecte_pid\/i18.pdf\" target=\"_blank\" rel=\"noopener\">Reabilitarea, extinderea \u015fi dotarea unei cl\u0103diri din Zona Metropolitan\u0103 Constan\u0163a, localitatea Cump\u0103na, \u00een vederea utiliz\u0103rii acesteia drept centru pentru tineret<\/a><\/td>\n<td>ADI ZMC<\/td>\n<td>POR \u2013 Axa 1, DMI 1.1, Sub-domeniul: Poli de cre\u0219tere<\/td>\n<td>\n<p style=\"text-align: right;\"><strong>4.156.049,00<\/strong><\/p>\n<\/td>\n<td>\n<p style=\"text-align: center;\">31.12.2015<\/p>\n<\/td>\n<\/tr>\n<tr>\n<td>19<\/td>\n<td colspan=\"2\"><a href=\"https:\/\/www.pol-constanta.ro\/proiecte_pid\/i19.pdf\" target=\"_blank\" rel=\"noopener\">Campus \u015fcolar \u201eGrup \u015ecolar Cump\u0103na\u201d<\/a><\/td>\n<td>UAT Cump\u0103na<\/td>\n<td>POR AXA 3 DMI 3.4<\/td>\n<td>\n<p style=\"text-align: right;\"><strong>35.915.031,29<\/strong><\/p>\n<\/td>\n<td>\n<p style=\"text-align: center;\">31.12.2015<\/p>\n<\/td>\n<\/tr>\n<tr>\n<td>20<\/td>\n<td colspan=\"2\"><a href=\"https:\/\/www.pol-constanta.ro\/proiecte_pid\/i20.pdf\" target=\"_blank\" rel=\"noopener\">Reabilitarea \u0219i modernizarea sistemului de alimentare cu ap\u0103 \u0219i de canalizare pentru regiunea Constan\u021ba \u0219i Ialomi\u021ba<\/a><\/td>\n<td>Operator regional ap\u0103 \u2013 SC RAJA SA Constan\u021ba<\/td>\n<td>POS Mediu, Axa 1<\/td>\n<td>\n<p style=\"text-align: right;\"><strong>835.918.448,44<\/strong><\/p>\n<\/td>\n<td>\n<p style=\"text-align: center;\">30.11.2015<\/p>\n<\/td>\n<\/tr>\n<tr>\n<td>21<\/td>\n<td colspan=\"2\"><a href=\"https:\/\/www.pol-constanta.ro\/proiecte_pid\/i21.pdf\" target=\"_blank\" rel=\"noopener\">Sistem de Management Integrat al De\u015feurilor solide \u00een jude\u0163ul Constan\u021ba<\/a><\/td>\n<td>UAT Jude\u0163ul Constan\u0163a<\/td>\n<td>POS Mediu, Axa 2, DMI 2.1<\/td>\n<td>\n<p style=\"text-align: right;\"><strong>56.807.054,00<\/strong><\/p>\n<\/td>\n<td>\n<p style=\"text-align: center;\">31.12.2015<\/p>\n<\/td>\n<\/tr>\n<tr>\n<td>22<\/td>\n<td colspan=\"2\"><a href=\"https:\/\/www.pol-constanta.ro\/proiecte_pid\/i22.pdf\" target=\"_blank\" rel=\"noopener\">Reabilitarea zonei costiere a M\u0103rii Negre afectate de eroziune<\/a><\/td>\n<td>ANAR\/ABADL Constan\u0163a, Fondul de mediu<\/td>\n<td>POS MEDIU DMI 5.2. si\/sau Fondul de Mediu<\/td>\n<td>\n<p style=\"text-align: right;\"><strong>500.000.000,00<\/strong><\/p>\n<\/td>\n<td>\n<p style=\"text-align: center;\">\u00a031.12.2015<\/p>\n<\/td>\n<\/tr>\n<tr>\n<td>23<\/td>\n<td colspan=\"2\"><a href=\"https:\/\/www.pol-constanta.ro\/proiecte_pid\/i23.pdf\" target=\"_blank\" rel=\"noopener\">Parc de recreere \u00een ora\u015ful Ovidiu<\/a><\/td>\n<td>UAT Ovidiu<\/td>\n<td>POR Axa 1, DMI 1.1, Sub-domeniul: Poli de cre\u0219tere<\/td>\n<td>\n<p style=\"text-align: right;\"><strong>8.180.802,70<\/strong><\/p>\n<\/td>\n<td>\n<p style=\"text-align: center;\">23.12.2015<\/p>\n<\/td>\n<\/tr>\n<tr>\n<td>24<\/td>\n<td colspan=\"2\"><a href=\"https:\/\/www.pol-constanta.ro\/proiecte_pid\/i24.pdf\" target=\"_blank\" rel=\"noopener\">Centru multifunc\u021bional educativ pentru tineret<\/a><\/td>\n<td>UAT Jude\u021bul Constan\u021ba<\/td>\n<td>POR Axa 1, DMI 1.1, Sub-domeniul: Poli de cre\u0219tere<\/td>\n<td>\n<p style=\"text-align: right;\"><strong>13.377.765,56<\/strong><\/p>\n<\/td>\n<td>\n<p style=\"text-align: center;\">31.12.2015<\/p>\n<\/td>\n<\/tr>\n<tr>\n<td>25<\/td>\n<td colspan=\"2\"><a href=\"https:\/\/www.pol-constanta.ro\/proiecte_pid\/i25.pdf\" target=\"_blank\" rel=\"noopener\">Extindere UAMS Agigea prin \u00eenfiin\u021barea unui centru de \u00eengrijire a persoanelor cu afec\u021biuni Alzheimer<\/a><\/td>\n<td>UAT Jude\u021bul Constan\u021ba<\/td>\n<td>POR Axa 1, DMI 1.1, Sub-domeniul: Poli de cre\u0219tere<\/td>\n<td>\n<p style=\"text-align: right;\"><strong>6.678.000,64<\/strong><\/p>\n<\/td>\n<td>\n<p style=\"text-align: center;\">31.12.2015<\/p>\n<\/td>\n<\/tr>\n<tr>\n<td colspan=\"5\">\n<p style=\"text-align: right;\"><strong><em>TOTAL VALOARE 25 PROIECTE INDIVIDUALE (LEI):<\/em><\/strong><\/p>\n<\/td>\n<td><strong>2.134.511.901,59<\/strong><\/td>\n<td><\/td>\n<\/tr>\n<\/tbody>\n<\/table>\n","protected":false},"excerpt":{"rendered":"<p>SITUA\u021aIA PRIVIND PROIECTELE AFLATE \u00ceN IMPLEMENTARE Nr. crt. Titlu proiect integrat Beneficiari Sursa de finan\u021bare (Program opera\u021bional\/Nume opera\u021biune\/DMI din care se finan\u021beaz\u0103 sau altele) Total valoare proiect (LEI) Dat\u0103 real\u0103\/estimat\u0103 a finaliz\u0103rii implement\u0103rii Obiectiv strategic 1 \u2013 CONSTAN\u021aA INVESTITORILOR 1<\/p>\n","protected":false},"author":1,"featured_media":0,"parent":0,"menu_order":0,"comment_status":"closed","ping_status":"closed","template":"","meta":{"footnotes":""},"class_list":["post-146","page","type-page","status-publish","hentry"],"_links":{"self":[{"href":"https:\/\/www.pol-constanta.ro\/index.php\/wp-json\/wp\/v2\/pages\/146","targetHints":{"allow":["GET"]}}],"collection":[{"href":"https:\/\/www.pol-constanta.ro\/index.php\/wp-json\/wp\/v2\/pages"}],"about":[{"href":"https:\/\/www.pol-constanta.ro\/index.php\/wp-json\/wp\/v2\/types\/page"}],"author":[{"embeddable":true,"href":"https:\/\/www.pol-constanta.ro\/index.php\/wp-json\/wp\/v2\/users\/1"}],"replies":[{"embeddable":true,"href":"https:\/\/www.pol-constanta.ro\/index.php\/wp-json\/wp\/v2\/comments?post=146"}],"version-history":[{"count":5,"href":"https:\/\/www.pol-constanta.ro\/index.php\/wp-json\/wp\/v2\/pages\/146\/revisions"}],"predecessor-version":[{"id":153,"href":"https:\/\/www.pol-constanta.ro\/index.php\/wp-json\/wp\/v2\/pages\/146\/revisions\/153"}],"wp:attachment":[{"href":"https:\/\/www.pol-constanta.ro\/index.php\/wp-json\/wp\/v2\/media?parent=146"}],"curies":[{"name":"wp","href":"https:\/\/api.w.org\/{rel}","templated":true}]}}