{"id":26,"date":"2023-04-11T13:04:26","date_gmt":"2023-04-11T11:04:26","guid":{"rendered":"https:\/\/www.pol-constanta.ro\/?page_id=26"},"modified":"2023-04-18T14:28:04","modified_gmt":"2023-04-18T12:28:04","slug":"pol-de-crestere-constanta","status":"publish","type":"page","link":"https:\/\/www.pol-constanta.ro\/","title":{"rendered":"Pol de Cre\u015ftere Constan\u0163a"},"content":{"rendered":"<div class=\"entry-content\">\n<p style=\"text-align: justify;\">Planul Integrat de Dezvoltare al Polului Na\u0163ional de Cre\u015ftere Constan\u0163a reprezint\u0103 o nou\u0103 politic\u0103 public\u0103 prin intermediul c\u0103ruia administra\u0163iile locale ce fac parte din Zona Metropolitan\u0103 Constan\u0163a urm\u0103resc solu\u0163ionarea tuturor nevoilor \u015fi problemelor cu care se confrunt\u0103 municipiul Constan\u0163a \u015fi arealul s\u0103u de influen\u0163\u0103.<\/p>\n<p style=\"text-align: justify;\">Monitorizarea \u015fi evaluarea Planului Integrat de Dezvoltare al Polului Na\u0163ional de Cre\u015ftere Constan\u0163a reprezint\u0103 dou\u0103 activit\u0103\u0163i ce se vor desf\u0103\u015fura at\u00e2t \u00een timpul c\u00e2t \u015fi dup\u0103 implementarea Planului Integrat de Dezvoltare al Zonei Metropolitane Constan\u0163a urm\u0103rind astfel stabilirea gradului de realizare at\u00e2t a obiectivului general al Programului Opera\u0163ional Regional c\u00e2t \u015fi a obiectivelor strategice identificate la nivelul Polului Na\u0163ional de Cre\u015ftere Constan\u0163a.<\/p>\n<p style=\"text-align: justify;\">\u00cen aceste condi\u0163ii evaluarea Planului Integrat de Dezvoltare al Polului Na\u0163ional de Cre\u015ftere Constan\u0163a se va realiza \u00een conformitate cu urm\u0103torii indicatori specifica\u0163i \u00een Ghidul Solicitantului pentru Axa prioritar\u0103 1- \u201cSprijinirea dezvolt\u0103rii durabile a ora\u015felor \u2013 poten\u0163iali poli de cre\u015ftere\u201d, Domeniul de interven\u0163ie 1.1 \u2013 \u201cPlanuri integrate de dezvoltare urban\u0103\u201d, sub-domeniul \u2013 poli de cre\u015ftere.<\/p>\n<p style=\"text-align: justify;\">Obiectivele strategice ale Polului Na\u0163ional de Cre\u015ftere Constanta au fost stabilite \u00een concordan\u0163\u0103 cu :<\/p>\n<ul>\n<li style=\"text-align: justify;\">Cre\u015fterea rolului economic \u015fi social al Polului Na\u0163ional de Cre\u015ftere Constan\u0163a, prin adoptarea unei abord\u0103ri policentrice, \u00een vederea stimul\u0103rii unei dezvolt\u0103ri mai echilibrate a municipiului Constanta \u015fi a arealului s\u0103u de influen\u0163\u0103 (cele 14 localit\u0103\u0163i ce formeaz\u0103 Asocia\u0163ia de Dezvoltare Intercomunitar\u0103 Zona Metropolitan\u0103 Constan\u0163a)<\/li>\n<li style=\"text-align: justify;\">\u00cembun\u0103t\u0103\u0163irea accesibilit\u0103\u0163ii \u00een interiorul \u015fi \u00een exteriorul municipiului Constan\u0163a \u015fi \u00een arealul s\u0103u de influen\u0163\u0103, realiz\u00e2nd conexiuni cu zonele din imediata vecin\u0103tate<\/li>\n<li style=\"text-align: justify;\">Cre\u015fterea contribu\u0163iei turismului la dezvoltarea Polului Na\u0163ional de Cre\u015ftere Constan\u0163a<\/li>\n<li style=\"text-align: justify;\">Cre\u015fterea calit\u0103\u0163ii infrastructurii sociale din Polul Na\u0163ional de Cre\u015ftere Constan\u0163a<\/li>\n<li style=\"text-align: justify;\">Cre\u015fterea competitivit\u0103\u0163ii in vederea stimul\u0103rii mediului de afaceri local<\/li>\n<\/ul>\n<\/div>\n","protected":false},"excerpt":{"rendered":"<p>Planul Integrat de Dezvoltare al Polului Na\u0163ional de Cre\u015ftere Constan\u0163a reprezint\u0103 o nou\u0103 politic\u0103 public\u0103 prin intermediul c\u0103ruia administra\u0163iile locale ce fac parte din Zona Metropolitan\u0103 Constan\u0163a urm\u0103resc solu\u0163ionarea tuturor nevoilor \u015fi problemelor cu care se confrunt\u0103 municipiul Constan\u0163a \u015fi<\/p>\n","protected":false},"author":1,"featured_media":0,"parent":0,"menu_order":0,"comment_status":"closed","ping_status":"closed","template":"","meta":{"footnotes":""},"class_list":["post-26","page","type-page","status-publish","hentry"],"_links":{"self":[{"href":"https:\/\/www.pol-constanta.ro\/index.php\/wp-json\/wp\/v2\/pages\/26","targetHints":{"allow":["GET"]}}],"collection":[{"href":"https:\/\/www.pol-constanta.ro\/index.php\/wp-json\/wp\/v2\/pages"}],"about":[{"href":"https:\/\/www.pol-constanta.ro\/index.php\/wp-json\/wp\/v2\/types\/page"}],"author":[{"embeddable":true,"href":"https:\/\/www.pol-constanta.ro\/index.php\/wp-json\/wp\/v2\/users\/1"}],"replies":[{"embeddable":true,"href":"https:\/\/www.pol-constanta.ro\/index.php\/wp-json\/wp\/v2\/comments?post=26"}],"version-history":[{"count":3,"href":"https:\/\/www.pol-constanta.ro\/index.php\/wp-json\/wp\/v2\/pages\/26\/revisions"}],"predecessor-version":[{"id":92,"href":"https:\/\/www.pol-constanta.ro\/index.php\/wp-json\/wp\/v2\/pages\/26\/revisions\/92"}],"wp:attachment":[{"href":"https:\/\/www.pol-constanta.ro\/index.php\/wp-json\/wp\/v2\/media?parent=26"}],"curies":[{"name":"wp","href":"https:\/\/api.w.org\/{rel}","templated":true}]}}