{"id":94,"date":"2023-04-18T14:32:08","date_gmt":"2023-04-18T12:32:08","guid":{"rendered":"https:\/\/www.pol-constanta.ro\/?page_id=94"},"modified":"2023-04-18T15:09:09","modified_gmt":"2023-04-18T13:09:09","slug":"obiective","status":"publish","type":"page","link":"https:\/\/www.pol-constanta.ro\/index.php\/obiective\/","title":{"rendered":"Obiective"},"content":{"rendered":"<p>Obiectivele strategice ale Polului Na\u0163ional de Cre\u015ftere Constanta au fost stabilite \u00een concordan\u0163\u0103 cu :<\/p>\n<ul>\n<li>Cre\u015fterea rolului economic \u015fi social al Polului Na\u0163ional de Cre\u015ftere Constan\u0163a, prin adoptarea unei abord\u0103ri policentrice, \u00een vederea stimul\u0103rii unei dezvolt\u0103ri mai echilibrate a municipiului Constanta \u015fi a arealului s\u0103u de influen\u0163\u0103 (cele 14 localit\u0103\u0163i ce formeaz\u0103 Asocia\u0163ia de Dezvoltare Intercomunitar\u0103 Zona Metropolitan\u0103 Constan\u0163a)<\/li>\n<li>\u00cembun\u0103t\u0103\u0163irea accesibilit\u0103\u0163ii \u00een interiorul \u015fi \u00een exteriorul municipiului Constan\u0163a \u015fi \u00een arealul s\u0103u de influen\u0163\u0103, realiz\u00e2nd conexiuni cu zonele din imediata vecin\u0103tate<\/li>\n<li>Cre\u015fterea contribu\u0163iei turismului la dezvoltarea Polului Na\u0163ional de Cre\u015ftere Constan\u0163a<\/li>\n<li>Cre\u015fterea calit\u0103\u0163ii infrastructurii sociale din Polul Na\u0163ional de Cre\u015ftere Constan\u0163a<\/li>\n<li>Cre\u015fterea competitivit\u0103\u0163ii in vederea stimul\u0103rii mediului de afaceri local<\/li>\n<\/ul>\n<p><strong>Obiectiv strategic 1:\u00a0<\/strong><strong>CONSTAN\u0162A LOCUITORILOR<\/strong><\/p>\n<ul>\n<li>\u00eembun\u0103t\u0103\u0163irea condi\u0163iilor de via\u0163\u0103 ale locuitorilor \u015fi cre\u015fterea atractivit\u0103\u0163ii zonei,\u00a0 astfel \u00eenc\u00e2t sa devin\u0103 un loc pl\u0103cut \u00een care s\u0103 munce\u015fti, s\u0103 studiezi, s\u0103 tr\u0103ie\u015fti<\/li>\n<li>accesul tuturor locuitorilor la o infrastructur\u0103 de calitate (infrastructura public\u0103 urban\u0103, infrastructura de baz\u0103 ce deserve\u015fte furnizarea serviciilor publice, infrastructura de transport, infrastructura de comunica\u0163ii etc.)<\/li>\n<li>accesul la o locuin\u0163\u0103 decent\u0103 \u00een condi\u0163ii de siguran\u0163\u0103, accesul la servicii de s\u0103n\u0103tate, servicii de educa\u0163ie, cultur\u0103 \u015fi servicii sociale de calitate, \u00eentr-un mediu durabil.<\/li>\n<\/ul>\n<p><strong>Obiectiv strategic 2:<\/strong>\u00a0<strong>CONSTAN\u0162A TURI\u015eTILOR<\/strong><\/p>\n<p>Acest obiectiv vizeaz\u0103 crearea unei zone turistice maritime, atractiv\u0103 \u015fi competitiv\u0103 pentru turi\u015ftii rom\u00e2ni \u015fi str\u0103ini prin:<\/p>\n<ul>\n<li>pozi\u0163ia sa geografic\u0103 cu poten\u0163ial turistic de o mare diversitate<\/li>\n<li>statutul de cel mai important centru turistic al tarii.<\/li>\n<li>\u00a0posibilitatea practic\u0103rii diferitelor forme de turism: litoral, balnear \u015fi de agrement, cultural, religios, etnic, ecoturism, turism de afaceri \u015fi congrese etc.,<\/li>\n<li>exploatarea poten\u0163ialului natural favorabil de care dispune municipiul Constanta \u015fi arealul s\u0103u de influen\u0163\u0103<\/li>\n<li>valorificarea patrimoniului cultural, istoric si arheologic<\/li>\n<li>\u00a0lansarea de produse turistice noi menite s\u0103 permanentizeze interesul asupra zonei pe \u00eentreaga perioada a anului.<\/li>\n<li>dezvoltarea durabil\u0103 a turismului<\/li>\n<\/ul>\n<p>Toate acestea vor conduce la ridicarea ofertei turistice litorale la standarde occidentale, la revigorarea tuturor sta\u0163iunilor ce fac parte din Zona Metropolitan\u0103 Constan\u0163a \u015fi \u00een mod particular la redob\u00e2ndirea statutului sta\u0163iunii Mamaia de\u00a0<em>\u201e perl\u0103 a rivierei rom\u00e2ne\u015fti\u201d.<\/em><\/p>\n<p><strong>Obiectiv strategic 3:<\/strong>\u00a0<strong>CONSTAN\u0162A INVESTITORILOR<\/strong><\/p>\n<ul>\n<li>cre\u015fterea investi\u0163iilor str\u0103ine directe, dar \u015fi autohtone, \u00eendeosebi \u00een ramurile cu poten\u0163ial de cre\u015ftere economic\u0103 mare<\/li>\n<li>\u00eencurajarea sectorului ter\u0163iar \u015fi a acelor activit\u0103\u0163i economice care genereaz\u0103 valoare ad\u0103ugat\u0103 mare<\/li>\n<li>dezvoltarea de infrastructuri performante de leg\u0103tur\u0103 la nivel regional, na\u0163ional \u015fi european ierarhizate coerent (autostr\u0103zi, drumuri exprese, dezvoltare unor linii aeriene de desc\u0103rcare cargo si crearea de noi capacit\u0103\u0163i de dezvoltare \u015fi procesare \u00een porturile maritime \u015fi fluviale c\u00e2t \u015fi \u00eenfiin\u0163area de noi linii de transport maritime \/ fluviale \/ aeriene)<\/li>\n<li>dezvoltarea cooper\u0103rii transfrontaliere \u00een cadrul Euroregiunii M\u0103rii Negre \u015fi cooperare transfrontalier\u0103 Rom\u00e2nia-Bulgaria<\/li>\n<li>dezvoltarea resurselor umane, cre\u015fterea ratei de ocupare \u00een meserii \u015fi profesii de \u00eenalt\u0103 specializare \u015fi utilizarea resursei umane ca factor de dezvoltare economic\u0103.<\/li>\n<\/ul>\n","protected":false},"excerpt":{"rendered":"<p>Obiectivele strategice ale Polului Na\u0163ional de Cre\u015ftere Constanta au fost stabilite \u00een concordan\u0163\u0103 cu : Cre\u015fterea rolului economic \u015fi social al Polului Na\u0163ional de Cre\u015ftere Constan\u0163a, prin adoptarea unei abord\u0103ri policentrice, \u00een vederea stimul\u0103rii unei dezvolt\u0103ri mai echilibrate a municipiului<\/p>\n","protected":false},"author":1,"featured_media":0,"parent":0,"menu_order":0,"comment_status":"closed","ping_status":"closed","template":"","meta":{"footnotes":""},"class_list":["post-94","page","type-page","status-publish","hentry"],"_links":{"self":[{"href":"https:\/\/www.pol-constanta.ro\/index.php\/wp-json\/wp\/v2\/pages\/94","targetHints":{"allow":["GET"]}}],"collection":[{"href":"https:\/\/www.pol-constanta.ro\/index.php\/wp-json\/wp\/v2\/pages"}],"about":[{"href":"https:\/\/www.pol-constanta.ro\/index.php\/wp-json\/wp\/v2\/types\/page"}],"author":[{"embeddable":true,"href":"https:\/\/www.pol-constanta.ro\/index.php\/wp-json\/wp\/v2\/users\/1"}],"replies":[{"embeddable":true,"href":"https:\/\/www.pol-constanta.ro\/index.php\/wp-json\/wp\/v2\/comments?post=94"}],"version-history":[{"count":1,"href":"https:\/\/www.pol-constanta.ro\/index.php\/wp-json\/wp\/v2\/pages\/94\/revisions"}],"predecessor-version":[{"id":95,"href":"https:\/\/www.pol-constanta.ro\/index.php\/wp-json\/wp\/v2\/pages\/94\/revisions\/95"}],"wp:attachment":[{"href":"https:\/\/www.pol-constanta.ro\/index.php\/wp-json\/wp\/v2\/media?parent=94"}],"curies":[{"name":"wp","href":"https:\/\/api.w.org\/{rel}","templated":true}]}}