{"id":96,"date":"2023-04-18T14:34:12","date_gmt":"2023-04-18T12:34:12","guid":{"rendered":"https:\/\/www.pol-constanta.ro\/?page_id=96"},"modified":"2023-04-18T15:09:45","modified_gmt":"2023-04-18T13:09:45","slug":"rezultate-preconizate","status":"publish","type":"page","link":"https:\/\/www.pol-constanta.ro\/index.php\/rezultate-preconizate\/","title":{"rendered":"Rezultate preconizate"},"content":{"rendered":"<p><strong>Indicatori de monitorizare \u015fi evaluare<\/strong><strong>\u00a0<\/strong><\/p>\n<p>Planul Integrat de Dezvoltare al Polului Na\u0163ional de Cre\u015ftere Constan\u0163a reprezint\u0103 o nou\u0103 politic\u0103 public\u0103 prin intermediul c\u0103ruia administra\u0163iile locale ce fac parte din Zona Metropolitan\u0103 Constan\u0163a urm\u0103resc solu\u0163ionarea tuturor nevoilor \u015fi problemelor cu care se confrunt\u0103 municipiul Constan\u0163a \u015fi arealul s\u0103u de influen\u0163\u0103.<\/p>\n<p>Monitorizarea \u015fi evaluarea Planului Integrat de Dezvoltare al Polului Na\u0163ional de Cre\u015ftere Constan\u0163a reprezint\u0103 dou\u0103 activit\u0103\u0163i ce se vor desf\u0103\u015fura at\u00e2t \u00een timpul c\u00e2t \u015fi dup\u0103 implementarea Planului Integrat de Dezvoltare al Zonei Metropolitane Constan\u0163a urm\u0103rind astfel stabilirea gradului de realizare at\u00e2t a obiectivului general al Programului Opera\u0163ional Regional c\u00e2t \u015fi a obiectivelor strategice identificate la nivelul Polului Na\u0163ional de Cre\u015ftere Constan\u0163a.<\/p>\n<p>\u00cen aceste condi\u0163ii evaluarea Planului Integrat de Dezvoltare al Polului Na\u0163ional de Cre\u015ftere Constan\u0163a se va realiza \u00een conformitate cu urm\u0103torii indicatori specifica\u0163i \u00een Ghidul Solicitantului pentru Axa prioritar\u0103 1- \u201cSprijinirea dezvolt\u0103rii durabile a ora\u015felor \u2013 poten\u0163iali poli de cre\u015ftere\u201d, Domeniul de interven\u0163ie 1.1 \u2013 \u201cPlanuri integrate de dezvoltare urban\u0103\u201d, sub-domeniul \u2013 poli de cre\u015ftere:<\/p>\n<p><strong>1. Indicatori de realizare imediat\u0103 (\u201coutput\u201d)<\/strong><strong><em>\u00a0<\/em><\/strong><\/p>\n<ul>\n<li>\u00a0Cl\u0103diri reabilitate\/modernizate \u015fi preg\u0103tite pentru noi activit\u0103\u0163i economice\/sociale \u2013infrastructur\u0103 urban\u0103 (nr.)<\/li>\n<li>Suprafa\u0163a cl\u0103dirilor reabilitate\/modernizate \u015fi preg\u0103tite pentru noi activit\u0103\u0163i economice\/sociale- infrastructur\u0103 urban\u0103 (mp)<\/li>\n<li>Suprafa\u0163a spa\u0163iilor publice modernizate \u2013 infrastructur\u0103 urban\u0103 (mp)<\/li>\n<li>Echipamente pentru siguran\u0163a popula\u0163iei \u2013 infrastructur\u0103 urban\u0103 (nr)<\/li>\n<li>Lungimea re\u0163elei de transport public extins\u0103\/reabilitat\u0103 (km)<\/li>\n<li>Obiective de patrimoiu restaurate\/amenajate \u2013 patrimoniu cultural local \u00een mediul urban (nr)<\/li>\n<li>Obiective de patrimoniu restaurate\/amenajate- patrimoniu cultural na\u0163ional (nr)<\/li>\n<li>Obiective de patrimoniu restaurate\/amenajate \u2013 patrimoniu UNESCO (nr)<\/li>\n<li>Structuri nou create de sprijinire a afacerilor (nr)<\/li>\n<li>Structuri extinse\/modernizate de sprijinire a afacerilor (nr)<\/li>\n<li>Suprafa\u0163a util\u0103 nou creat\u0103 a structurilor de afaceri (mp)<\/li>\n<li>Suprafa\u0163a util\u0103 extins\u0103 \/ modernizat\u0103 a structurilor de afaceri (mp)<\/li>\n<li>Centre sociale reabilitate \/modernizate \/ echipate \u2013 infrastructura pentru servicii sociale (nr)<\/li>\n<\/ul>\n<p>&nbsp;<\/p>\n<p><strong>2. Indicatori de rezultat (\u201crezult\u201d)<\/strong><\/p>\n<ul>\n<li>Locuitori care beneficiaz\u0103 de implementarea proiectelor \u2013 infrastructur\u0103 urban\u0103 (nr)<\/li>\n<li>Locuitori care beneficiaz\u0103 de implementarea proiectelor \u2013 transport urban (nr)<\/li>\n<li>Vizitatori la obiective turistice \u2013 patrimoniu cultural local \u00een mediul urban (nr)<\/li>\n<li>Vizitatori la obiective turistice \u2013 patrimoniu cultural na\u0163ional (nr)<\/li>\n<li>Vizitatori la obiective turistice \u2013 patrimoniu UNESCO (nr)<\/li>\n<li>IMM atrase \u00een structuri de afaceri (nr)<\/li>\n<li>Rata de ocupare a structurilor de afaceri (%)<\/li>\n<li>Locuri de munc\u0103 nou create: infrastructur\u0103 pentru afaceri, din care (nr)<\/li>\n<li>Locuri de munca nou create: infrastructur\u0103 pentru afaceri, femei (nr)<\/li>\n<li>Locuri de munca nou create: infrastructur\u0103 pentru afaceri, b\u0103rba\u0163i (nr)<\/li>\n<li>Cre\u015fterea num\u0103rului de persoane care beneficiaz\u0103 de infrastructura reabilitat\u0103 \/ modernizat\u0103 \/ echipat\u0103 \u2013 infrastructur\u0103 pentru servicii sociale, din care: (%)<\/li>\n<li>Cre\u015fterea num\u0103rului de persoane care beneficiaz\u0103 de infrastructur\u0103 reabilitat\u0103 \/ modernizat\u0103 \/ echipat\u0103 \u2013 infrastructur\u0103 pentru servicii, femei: (%)<\/li>\n<li>Cre\u015fterea num\u0103rului de persoane care beneficiaz\u0103 de infrastructur\u0103 reabilitat\u0103 \/ modernizat\u0103 \/ echipat\u0103 \u2013 infrastructur\u0103 pentru servicii, b\u0103rba\u0163i (%)<\/li>\n<li>Persoane de etnie rrom\u0103 care beneficiaz\u0103 de infrastructur\u0103 reabilitat\u0103 \/ modernizat\u0103 \/ echipat\u0103 \u2013 infrastructur\u0103 pentru servicii sociale (nr)<\/li>\n<\/ul>\n","protected":false},"excerpt":{"rendered":"<p>Indicatori de monitorizare \u015fi evaluare\u00a0 Planul Integrat de Dezvoltare al Polului Na\u0163ional de Cre\u015ftere Constan\u0163a reprezint\u0103 o nou\u0103 politic\u0103 public\u0103 prin intermediul c\u0103ruia administra\u0163iile locale ce fac parte din Zona Metropolitan\u0103 Constan\u0163a urm\u0103resc solu\u0163ionarea tuturor nevoilor \u015fi problemelor cu care<\/p>\n","protected":false},"author":1,"featured_media":0,"parent":0,"menu_order":0,"comment_status":"closed","ping_status":"closed","template":"","meta":{"footnotes":""},"class_list":["post-96","page","type-page","status-publish","hentry"],"_links":{"self":[{"href":"https:\/\/www.pol-constanta.ro\/index.php\/wp-json\/wp\/v2\/pages\/96","targetHints":{"allow":["GET"]}}],"collection":[{"href":"https:\/\/www.pol-constanta.ro\/index.php\/wp-json\/wp\/v2\/pages"}],"about":[{"href":"https:\/\/www.pol-constanta.ro\/index.php\/wp-json\/wp\/v2\/types\/page"}],"author":[{"embeddable":true,"href":"https:\/\/www.pol-constanta.ro\/index.php\/wp-json\/wp\/v2\/users\/1"}],"replies":[{"embeddable":true,"href":"https:\/\/www.pol-constanta.ro\/index.php\/wp-json\/wp\/v2\/comments?post=96"}],"version-history":[{"count":1,"href":"https:\/\/www.pol-constanta.ro\/index.php\/wp-json\/wp\/v2\/pages\/96\/revisions"}],"predecessor-version":[{"id":97,"href":"https:\/\/www.pol-constanta.ro\/index.php\/wp-json\/wp\/v2\/pages\/96\/revisions\/97"}],"wp:attachment":[{"href":"https:\/\/www.pol-constanta.ro\/index.php\/wp-json\/wp\/v2\/media?parent=96"}],"curies":[{"name":"wp","href":"https:\/\/api.w.org\/{rel}","templated":true}]}}