{"id":98,"date":"2023-04-18T14:35:40","date_gmt":"2023-04-18T12:35:40","guid":{"rendered":"https:\/\/www.pol-constanta.ro\/?page_id=98"},"modified":"2023-04-18T15:09:30","modified_gmt":"2023-04-18T13:09:30","slug":"protocol-tripartit","status":"publish","type":"page","link":"https:\/\/www.pol-constanta.ro\/index.php\/protocol-tripartit\/","title":{"rendered":"Protocol tripartit"},"content":{"rendered":"<ul>\n<li><strong>38391 \/ 18.06.2009\u00a0\u2013 Ministerul Dezvolt\u0103rii Regionale \u015fi al Locuin\u0163ei (MDRL), reprezentat prin dl. Vasile BLAGA, \u00een calitate de ministru<\/strong><\/li>\n<li><strong>92151 \/ 17.06.2009 \u2013 Ministerul Finan\u0163elor Publice (MFP), reprezentat prin dl. Gheorghe POGEA, \u00een calitate de ministru<\/strong><\/li>\n<li><strong>5116 \/ 22.06.2009 \u2013 Agen\u0163ia pentru Dezvoltare Regional\u0103 Sud-Est (ADR-SE), reprezentat\u0103 prin dna. Lumini\u0163a MIHAILOV, \u00een calitate de director general<\/strong><\/li>\n<\/ul>\n<p>denumite \u00een continuare \u201eP\u0103r\u0163i\u201d<\/p>\n<p>convin s\u0103 \u00eencheie urm\u0103torul protocol tripartit privind cooperarea interinstitu\u0163ional\u0103 \u00een ceea ce prive\u015fte selectarea \u015fi ulterior activitatea coordonatorului de pol de cre\u015ftere Constan\u0163a.<\/p>\n<p><a href=\"https:\/\/www.pol-constanta.ro\/app\/wp-content\/uploads\/docs\/protocol_tripartit.pdf\" target=\"_blank\" rel=\"noopener\">Protocol tripartit \u2013 Document<\/a><\/p>\n","protected":false},"excerpt":{"rendered":"<p>38391 \/ 18.06.2009\u00a0\u2013 Ministerul Dezvolt\u0103rii Regionale \u015fi al Locuin\u0163ei (MDRL), reprezentat prin dl. Vasile BLAGA, \u00een calitate de ministru 92151 \/ 17.06.2009 \u2013 Ministerul Finan\u0163elor Publice (MFP), reprezentat prin dl. Gheorghe POGEA, \u00een calitate de ministru 5116 \/ 22.06.2009 \u2013<\/p>\n","protected":false},"author":1,"featured_media":0,"parent":0,"menu_order":0,"comment_status":"closed","ping_status":"closed","template":"","meta":{"footnotes":""},"class_list":["post-98","page","type-page","status-publish","hentry"],"_links":{"self":[{"href":"https:\/\/www.pol-constanta.ro\/index.php\/wp-json\/wp\/v2\/pages\/98","targetHints":{"allow":["GET"]}}],"collection":[{"href":"https:\/\/www.pol-constanta.ro\/index.php\/wp-json\/wp\/v2\/pages"}],"about":[{"href":"https:\/\/www.pol-constanta.ro\/index.php\/wp-json\/wp\/v2\/types\/page"}],"author":[{"embeddable":true,"href":"https:\/\/www.pol-constanta.ro\/index.php\/wp-json\/wp\/v2\/users\/1"}],"replies":[{"embeddable":true,"href":"https:\/\/www.pol-constanta.ro\/index.php\/wp-json\/wp\/v2\/comments?post=98"}],"version-history":[{"count":1,"href":"https:\/\/www.pol-constanta.ro\/index.php\/wp-json\/wp\/v2\/pages\/98\/revisions"}],"predecessor-version":[{"id":99,"href":"https:\/\/www.pol-constanta.ro\/index.php\/wp-json\/wp\/v2\/pages\/98\/revisions\/99"}],"wp:attachment":[{"href":"https:\/\/www.pol-constanta.ro\/index.php\/wp-json\/wp\/v2\/media?parent=98"}],"curies":[{"name":"wp","href":"https:\/\/api.w.org\/{rel}","templated":true}]}}